{"id":15,"date":"2023-04-03T20:29:59","date_gmt":"2023-04-03T18:29:59","guid":{"rendered":"https:\/\/istitutobuenosaires.esteri.it\/?page_id=15"},"modified":"2023-08-31T11:02:48","modified_gmt":"2023-08-31T08:02:48","slug":"chi-siamo","status":"publish","type":"page","link":"https:\/\/iicatene.esteri.it\/it\/chi-siamo\/","title":{"rendered":"Chi siamo"},"content":{"rendered":"<p>L&#8217;Istituto Italiano di Cultura in Atene, Ufficio Culturale dell&#8217;Ambasciata d&#8217;Italia ad Atene, \u00e8 un&#8217;istituzione ufficiale dello Stato Italiano, direttamente dipendente dal Ministero degli Affari Esteri e della Cooperazione Internazionale, che opera in virt\u00f9 dell&#8217;Accordo Culturale fra Grecia e Italia firmato ad Atene l&#8217;11 settembre 1954 con la ripresa delle relazioni diplomatiche fra i due Paesi e che viene periodicamente rinnovato con un Programma Esecutivo di cooperazione culturale e scientifica di validit\u00e0 triennale.<\/p>\n<p>Compito istituzionale dell&#8217;Istituto di Cultura \u00e8 la diffusione della Cultura e Civilt\u00e0 italiane, nonch\u00e9 la promozione della lingua italiana al fine di facilitare la conoscenza e la comunicazione fra i due popoli. Il suo obiettivo \u00e8 quello di favorire e sviluppare i rapporti culturali tra l&#8217;Italia e la Grecia.<\/p>\n<p>L&#8217;Istituto Italiano di Cultura \u00e8 ubicato in una zona centrale di Atene, nelle vicinanze del Museo Archeologico Nazionale e proprio di fronte al Politecnico, ed ha sede in un edificio prestigioso, restaurato dal Governo Italiano a seguito del terremoto del 1999.<\/p>\n<p>L&#8217;Istituto Italiano di Cultura dispone di ampi spazi nei quali organizza una grande variet\u00e0 di eventi culturali contemplati nel nutrito programma di manifestazioni, seguite costantemente da un numeroso pubblico.<\/p>\n<p>Secondo l&#8217;accordo culturale tra Italia e Grecia vigente dal 1954, l&#8217;Istituto Italiano di Cultura di Atene:<\/p>\n<ul>\n<li>promuove gli scambi tra enti, istituzioni, uffici greci con i corrispettivi italiani;<\/li>\n<li>cura e organizza eventi culturali come mostre, concerti, spettacoli e convegni in collaborazione con enti greci e italiani, sia pubblici sia privati;<\/li>\n<li>fornisce informazioni sulle borse di studio e sulle possibilit\u00e0 di studio in Italia;<\/li>\n<li>svolge attivit\u00e0 didattiche organizzando\u00a0corsi di lingua e cultura per adulti e ragazzi con personale altamente qualificato, corsi su tematiche settoriali, seminari di aggiornamento, esami di certificazione CELI per il conseguimento dei certificati di conoscenza della lingua italiana rilasciati dall\u2019Universit\u00e0 per Stranieri di Perugia.<\/li>\n<\/ul>\n<p>L&#8217;Istituto Italiano di Cultura di Atene \u00e8 stato intitolato ad Alberto Carlo Pisani Dossi, in arte Carlo Dossi, scrittore e diplomatico italiano.<\/p>\n","protected":false},"excerpt":{"rendered":"L&#8217;Istituto Italiano di Cultura in Atene, Ufficio Culturale dell&#8217;Ambasciata d&#8217;Italia ad Atene, \u00e8 un&#8217;istituzione ufficiale dello Stato Italiano, direttamente dipendente dal Ministero degli Affari Esteri e della Cooperazione Internazionale, che opera in virt\u00f9 dell&#8217;Accordo Culturale fra Grecia e Italia firmato ad Atene l&#8217;11 settembre 1954 con la ripresa delle relazioni diplomatiche fra i due Paesi [&hellip;]","protected":false},"author":1,"featured_media":0,"parent":0,"menu_order":2,"comment_status":"closed","ping_status":"closed","template":"","meta":{"footnotes":""},"class_list":["post-15","page","type-page","status-publish","hentry"],"_links":{"self":[{"href":"https:\/\/iicatene.esteri.it\/it\/wp-json\/wp\/v2\/pages\/15","targetHints":{"allow":["GET"]}}],"collection":[{"href":"https:\/\/iicatene.esteri.it\/it\/wp-json\/wp\/v2\/pages"}],"about":[{"href":"https:\/\/iicatene.esteri.it\/it\/wp-json\/wp\/v2\/types\/page"}],"author":[{"embeddable":true,"href":"https:\/\/iicatene.esteri.it\/it\/wp-json\/wp\/v2\/users\/1"}],"replies":[{"embeddable":true,"href":"https:\/\/iicatene.esteri.it\/it\/wp-json\/wp\/v2\/comments?post=15"}],"version-history":[{"count":8,"href":"https:\/\/iicatene.esteri.it\/it\/wp-json\/wp\/v2\/pages\/15\/revisions"}],"predecessor-version":[{"id":397,"href":"https:\/\/iicatene.esteri.it\/it\/wp-json\/wp\/v2\/pages\/15\/revisions\/397"}],"wp:attachment":[{"href":"https:\/\/iicatene.esteri.it\/it\/wp-json\/wp\/v2\/media?parent=15"}],"curies":[{"name":"wp","href":"https:\/\/api.w.org\/{rel}","templated":true}]}}