{"id":186,"date":"2023-07-07T16:20:37","date_gmt":"2023-07-07T13:20:37","guid":{"rendered":"https:\/\/iicatene.esteri.it\/?page_id=186"},"modified":"2024-06-18T16:56:01","modified_gmt":"2024-06-18T13:56:01","slug":"esami-diploma","status":"publish","type":"page","link":"https:\/\/iicatene.esteri.it\/it\/lingua-e-cultura\/certificazioni\/esami-diploma\/","title":{"rendered":"Esami DIPLOMA"},"content":{"rendered":"<p><strong><u>AVVISO ESAMI DIPLOMA E CELI<\/u><\/strong><\/p>\n<p><strong>Si avvisa l\u2019utenza che <u>a partire da quest\u2019anno l\u2019Istituto italiano di Cultura ad Atene organizzer\u00e0 unicamente gli esami di certificazione CELI.<\/u> <u>Gli esami DIPLOMA non saranno pi\u00f9 organizzati n\u00e9 ad Atene n\u00e9 in altre sedi<\/u>. I candidati che hanno gi\u00e0 sostenuto l\u2019esame e devono recuperare lo scritto o l\u2019orale potranno farlo in sessioni organizzate esclusivamente a questo fine nei mesi di giugno e dicembre 2023. NOTA BENE: <u>tutte le certificazioni DIPLOMA gi\u00e0 ottenute mantengono la loro piena validit\u00e0<\/u>.<\/strong><\/p>\n<p>&nbsp;<\/p>\n<p>SONO DISPONIBILI I <strong>CERTIFICATI DIPLOMA<\/strong> della <strong>SESSIONE di DICEMBRE 2023<\/strong><\/p>\n<p>Per ulteriori informazioni scrivere a <a href=\"mailto:celi.iicatene@esteri.it\">celi.iicatene@esteri.it<\/a><\/p>\n<p>&nbsp;<\/p>\n<p>&nbsp;<\/p>\n<p>SONO DISPONIBILI I <strong>CERTIFICATI DIPLOMA<\/strong> della <strong>SESSIONE di GIUGNO 2023<\/strong><\/p>\n<p>Per ulteriori informazioni scrivere a <a href=\"mailto:celi.iicatene@esteri.it\">celi.iicatene@esteri.it<\/a><\/p>\n<p>&nbsp;<\/p>\n<p>&nbsp;<\/p>\n<p>&nbsp;<\/p>\n<p>&nbsp;<\/p>\n<p style=\"text-align: right;\">Ultimo aggiornamento 22\/02\/2024<\/p>\n","protected":false},"excerpt":{"rendered":"AVVISO ESAMI DIPLOMA E CELI Si avvisa l\u2019utenza che a partire da quest\u2019anno l\u2019Istituto italiano di Cultura ad Atene organizzer\u00e0 unicamente gli esami di certificazione CELI. Gli esami DIPLOMA non saranno pi\u00f9 organizzati n\u00e9 ad Atene n\u00e9 in altre sedi. I candidati che hanno gi\u00e0 sostenuto l\u2019esame e devono recuperare lo scritto o l\u2019orale potranno [&hellip;]","protected":false},"author":3,"featured_media":0,"parent":44,"menu_order":0,"comment_status":"closed","ping_status":"closed","template":"","meta":{"footnotes":""},"class_list":["post-186","page","type-page","status-publish","hentry"],"_links":{"self":[{"href":"https:\/\/iicatene.esteri.it\/it\/wp-json\/wp\/v2\/pages\/186","targetHints":{"allow":["GET"]}}],"collection":[{"href":"https:\/\/iicatene.esteri.it\/it\/wp-json\/wp\/v2\/pages"}],"about":[{"href":"https:\/\/iicatene.esteri.it\/it\/wp-json\/wp\/v2\/types\/page"}],"author":[{"embeddable":true,"href":"https:\/\/iicatene.esteri.it\/it\/wp-json\/wp\/v2\/users\/3"}],"replies":[{"embeddable":true,"href":"https:\/\/iicatene.esteri.it\/it\/wp-json\/wp\/v2\/comments?post=186"}],"version-history":[{"count":7,"href":"https:\/\/iicatene.esteri.it\/it\/wp-json\/wp\/v2\/pages\/186\/revisions"}],"predecessor-version":[{"id":3668,"href":"https:\/\/iicatene.esteri.it\/it\/wp-json\/wp\/v2\/pages\/186\/revisions\/3668"}],"up":[{"embeddable":true,"href":"https:\/\/iicatene.esteri.it\/it\/wp-json\/wp\/v2\/pages\/44"}],"wp:attachment":[{"href":"https:\/\/iicatene.esteri.it\/it\/wp-json\/wp\/v2\/media?parent=186"}],"curies":[{"name":"wp","href":"https:\/\/api.w.org\/{rel}","templated":true}]}}