{"id":41,"date":"2023-04-03T20:55:21","date_gmt":"2023-04-03T18:55:21","guid":{"rendered":"https:\/\/istitutobuenosaires.esteri.it\/?page_id=41"},"modified":"2026-02-04T14:43:38","modified_gmt":"2026-02-04T11:43:38","slug":"contatti","status":"publish","type":"page","link":"https:\/\/iicatene.esteri.it\/it\/chi-siamo\/contatti\/","title":{"rendered":"Contatti"},"content":{"rendered":"<p><strong>Istituto italiano di cultura di Atene<\/strong><\/p>\n<p>Patission 47 \u2013 10433 Atene<\/p>\n<p>tel.: +30 2105242646<\/p>\n<p>E-mail: <a href=\"mailto:iicatene@esteri.it\">iicatene@esteri.it<\/a><\/p>\n<p>Posta Elettronica Certificata (PEC):\u00a0 <a href=\"mailto:iic.atene@cert.esteri.it\">iic.atene@cert.esteri.it<\/a><\/p>\n<p><span style=\"text-decoration: underline;\">Orari di apertura al pubblico<\/span>: luned\u00ec-venerd\u00ec, 9:00-16:00<\/p>\n<p>&nbsp;<\/p>\n<p><span style=\"text-decoration: underline;\">Orari apertura Biblioteca<\/span><\/p>\n<p>Luned\u00ec\u00a0\u00a0\u00a0\u00a0\u00a0\u00a0\u00a0 11.00-14.00<br \/>\nMercoled\u00ec\u00a0 14.00-17.00<br \/>\nGioved\u00ec\u00a0\u00a0\u00a0\u00a0\u00a0\u00a0 13.00-16.00<\/p>\n<p>&nbsp;<\/p>\n<p><strong>Segreteria del Direttore<\/strong>: <a href=\"mailto:segreteria.iicatene@esteri.it\">segreteria.iicatene@esteri.it<\/a><\/p>\n<p><strong>Ufficio Amministrazione<\/strong>: <a href=\"mailto:amm.iicatene@esteri.it\">amm.iicatene@esteri.it<\/a><\/p>\n<p><strong>Ufficio Stampa ed Eventi culturali<\/strong>: <a href=\"mailto:eventi.iicatene@esteri.it\">eventi.iicatene@esteri.it<\/a><\/p>\n<p><strong>Ufficio CELI<\/strong>: <a href=\"mailto:celi.iicatene@esteri.it\">celi.iicatene@esteri.it<\/a><\/p>\n<p><strong>Ufficio Corsi di Lingua<\/strong>: <a href=\"mailto:corsi.iicatene@esteri.it\">corsi.iicatene@esteri.it<\/a><\/p>\n<p><strong>Biblioteca<\/strong>: <a href=\"mailto:biblioteca.iicatene@esteri.it\">biblioteca.iicatene@esteri.it<\/a><\/p>\n<p><strong>Ufficio Studi<\/strong>: <a href=\"mailto:studi.iicatene@gmail.com\">studi.iicatene@gmail.com<\/a><\/p>\n<p>&nbsp;<\/p>\n<p>Per <strong>proposte culturali<\/strong> si prega di compilare <strong><a href=\"https:\/\/iicatene.esteri.it\/wp-content\/uploads\/2023\/08\/modello_proposta_man_cult_iic_atene.pdf\">questo modulo<\/a><\/strong> e di inviarlo ai seguenti indirizzi email:\u00a0<a href=\"mailto:eventi.iicatene@esteri.it\">eventi.iicatene@esteri.it<\/a>. L\u2019Istituto italiano di cultura di Atene ringrazia per le proposte ricevute ma dato il loro alto numero, sar\u00e0 possibile dare un riscontro unicamente a quelle che risulteranno compatibili con il programma dell\u2019Istituto.<\/p>\n<p>&nbsp;<\/p>\n","protected":false},"excerpt":{"rendered":"Istituto italiano di cultura di Atene Patission 47 \u2013 10433 Atene tel.: +30 2105242646 E-mail: iicatene@esteri.it Posta Elettronica Certificata (PEC):\u00a0 iic.atene@cert.esteri.it Orari di apertura al pubblico: luned\u00ec-venerd\u00ec, 9:00-16:00 &nbsp; Orari apertura Biblioteca Luned\u00ec\u00a0\u00a0\u00a0\u00a0\u00a0\u00a0\u00a0 11.00-14.00 Mercoled\u00ec\u00a0 14.00-17.00 Gioved\u00ec\u00a0\u00a0\u00a0\u00a0\u00a0\u00a0 13.00-16.00 &nbsp; Segreteria del Direttore: segreteria.iicatene@esteri.it Ufficio Amministrazione: amm.iicatene@esteri.it Ufficio Stampa ed Eventi culturali: eventi.iicatene@esteri.it Ufficio CELI: celi.iicatene@esteri.it [&hellip;]","protected":false},"author":1,"featured_media":0,"parent":15,"menu_order":4,"comment_status":"closed","ping_status":"closed","template":"","meta":{"footnotes":""},"class_list":["post-41","page","type-page","status-publish","hentry"],"_links":{"self":[{"href":"https:\/\/iicatene.esteri.it\/it\/wp-json\/wp\/v2\/pages\/41","targetHints":{"allow":["GET"]}}],"collection":[{"href":"https:\/\/iicatene.esteri.it\/it\/wp-json\/wp\/v2\/pages"}],"about":[{"href":"https:\/\/iicatene.esteri.it\/it\/wp-json\/wp\/v2\/types\/page"}],"author":[{"embeddable":true,"href":"https:\/\/iicatene.esteri.it\/it\/wp-json\/wp\/v2\/users\/1"}],"replies":[{"embeddable":true,"href":"https:\/\/iicatene.esteri.it\/it\/wp-json\/wp\/v2\/comments?post=41"}],"version-history":[{"count":6,"href":"https:\/\/iicatene.esteri.it\/it\/wp-json\/wp\/v2\/pages\/41\/revisions"}],"predecessor-version":[{"id":13115,"href":"https:\/\/iicatene.esteri.it\/it\/wp-json\/wp\/v2\/pages\/41\/revisions\/13115"}],"up":[{"embeddable":true,"href":"https:\/\/iicatene.esteri.it\/it\/wp-json\/wp\/v2\/pages\/15"}],"wp:attachment":[{"href":"https:\/\/iicatene.esteri.it\/it\/wp-json\/wp\/v2\/media?parent=41"}],"curies":[{"name":"wp","href":"https:\/\/api.w.org\/{rel}","templated":true}]}}